{"id":259,"date":"2024-07-27T14:05:06","date_gmt":"2024-07-27T14:05:06","guid":{"rendered":"https:\/\/monkeystudiobarbershop.com\/?page_id=259"},"modified":"2025-04-11T19:43:59","modified_gmt":"2025-04-11T19:43:59","slug":"declaracion-de-accesibilidad","status":"publish","type":"page","link":"https:\/\/monkeystudiobarbershop.com\/en\/declaracion-de-accesibilidad\/","title":{"rendered":"Accessibility statement"},"content":{"rendered":"<div data-elementor-type=\"wp-page\" data-elementor-id=\"259\" class=\"elementor elementor-259\" data-elementor-post-type=\"page\">\n\t\t\t\t<div class=\"elementor-element elementor-element-53d7b397 e-flex e-con-boxed e-con e-parent\" data-id=\"53d7b397\" data-element_type=\"container\">\n\t\t\t\t\t<div class=\"e-con-inner\">\n\t\t\t\t<div class=\"elementor-element elementor-element-bb63ae3 elementor-widget elementor-widget-heading\" data-id=\"bb63ae3\" data-element_type=\"widget\" data-widget_type=\"heading.default\">\n\t\t\t\t<div class=\"elementor-widget-container\">\n\t\t\t\t\t<h2 class=\"elementor-heading-title elementor-size-default\">Accessibility statement<\/h2>\t\t\t\t<\/div>\n\t\t\t\t<\/div>\n\t\t\t\t<div class=\"elementor-element elementor-element-7dec56c5 elementor-widget elementor-widget-text-editor\" data-id=\"7dec56c5\" data-element_type=\"widget\" data-widget_type=\"text-editor.default\">\n\t\t\t\t<div class=\"elementor-widget-container\">\n\t\t\t\t\t\t\t\t\t<p>En la construcci\u00f3n de la p\u00e1gina web de <a href=\"http:\/\/monkeystudiobarbershop.com\/en\/\">monkeystudiobarbershop.com<\/a>\u00a0se han adoptado medidas con el objetivo de que el mayor n\u00famero posible de personas puedan llegar a la informaci\u00f3n que se transmite en ella, independientemente de las limitaciones de la persona o de las que se deriven del contexto de uso.<\/p><p>As\u00ed, en la confecci\u00f3n del portal se han tenido en cuenta los siguientes aspectos:<\/p><ul><li>Uso de CSS para la presentaci\u00f3n de la informaci\u00f3n.<\/li><li>Etiquetas de marcaje.<\/li><li>Sistemas de navegaci\u00f3n usables, intuitivos y alternativos.<\/li><li>Descripciones alternativas en las im\u00e1genes.<\/li><li>Verificaciones en la visualizaci\u00f3n con diferentes navegadores y dispositivos.<\/li><li>Utilizaci\u00f3n de formatos universales y alternativos.<\/li><li>Los enlaces ofrecen detalles de la funci\u00f3n o destino del hiperv\u00ednculo.<\/li><li>Uso de los est\u00e1ndares del W3C.<\/li><li>Acceso mediante atajos teclado a las principales opciones.<\/li><\/ul>\t\t\t\t\t\t\t\t<\/div>\n\t\t\t\t<\/div>\n\t\t\t\t<div class=\"elementor-element elementor-element-4f0b710b elementor-widget elementor-widget-heading\" data-id=\"4f0b710b\" data-element_type=\"widget\" data-widget_type=\"heading.default\">\n\t\t\t\t<div class=\"elementor-widget-container\">\n\t\t\t\t\t<h2 class=\"elementor-heading-title elementor-size-default\">Cumplimiento de los est\u00e1ndares<\/h2>\t\t\t\t<\/div>\n\t\t\t\t<\/div>\n\t\t\t\t<div class=\"elementor-element elementor-element-636153a9 elementor-widget elementor-widget-text-editor\" data-id=\"636153a9\" data-element_type=\"widget\" data-widget_type=\"text-editor.default\">\n\t\t\t\t<div class=\"elementor-widget-container\">\n\t\t\t\t\t\t\t\t\t<p>Las p\u00e1ginas de este sitio Web cumplen la marca AA seg\u00fan la Norma UNE 139803:2004 y las Directrices de Accesibilidad para el Contenido Web 1.0 del W3C. Todos los requisitos de Prioridad 1 y Prioridad 2 y un subconjunto de los requisitos de Prioridad 3 han sido comprobados con un an\u00e1lisis manual de la accesibilidad a trav\u00e9s de diferentes herramientas semi-autom\u00e1ticas y agentes de usuario.<\/p>\t\t\t\t\t\t\t\t<\/div>\n\t\t\t\t<\/div>\n\t\t\t\t<div class=\"elementor-element elementor-element-717d0f68 elementor-widget elementor-widget-heading\" data-id=\"717d0f68\" data-element_type=\"widget\" data-widget_type=\"heading.default\">\n\t\t\t\t<div class=\"elementor-widget-container\">\n\t\t\t\t\t<h2 class=\"elementor-heading-title elementor-size-default\">Atajos de teclado<\/h2>\t\t\t\t<\/div>\n\t\t\t\t<\/div>\n\t\t\t\t<div class=\"elementor-element elementor-element-5a9b4905 elementor-widget elementor-widget-text-editor\" data-id=\"5a9b4905\" data-element_type=\"widget\" data-widget_type=\"text-editor.default\">\n\t\t\t\t<div class=\"elementor-widget-container\">\n\t\t\t\t\t\t\t\t\t<p>En esta Web puede hacer saltos ordenados en el contenido con la tecla Tab.<\/p>\t\t\t\t\t\t\t\t<\/div>\n\t\t\t\t<\/div>\n\t\t\t\t<div class=\"elementor-element elementor-element-e743fc0 elementor-widget elementor-widget-heading\" data-id=\"e743fc0\" data-element_type=\"widget\" data-widget_type=\"heading.default\">\n\t\t\t\t<div class=\"elementor-widget-container\">\n\t\t\t\t\t<h2 class=\"elementor-heading-title elementor-size-default\">Tama\u00f1o del texto<\/h2>\t\t\t\t<\/div>\n\t\t\t\t<\/div>\n\t\t\t\t<div class=\"elementor-element elementor-element-11bb9770 elementor-widget elementor-widget-text-editor\" data-id=\"11bb9770\" data-element_type=\"widget\" data-widget_type=\"text-editor.default\">\n\t\t\t\t<div class=\"elementor-widget-container\">\n\t\t\t\t\t\t\t\t\t<p>El dise\u00f1o accesible permite que el usuario pueda ajustar las fuentes al tama\u00f1o que le convenga. Esta acci\u00f3n puede llevarse a cabo de diferentes maneras seg\u00fan el navegador web que se utilice. A continuaci\u00f3n se indica la acci\u00f3n de men\u00fa donde se encuentra esta funcionalidad en los navegadores m\u00e1s frecuentes:<\/p><ul><li>Mozilla Firefox: Ver &gt; Tama\u00f1o de texto &gt; Incrementar Internet<\/li><li>Internet Explorer: Ver &gt; Tama\u00f1o de texto &gt; M\u00e1s grande<\/li><li>Opera: View &gt; Zoom &gt; %<\/li><li>Safari: View &gt; Make text bigger<\/li><li>Google Chrome: Herramientas &gt; Zoom<\/li><\/ul>\t\t\t\t\t\t\t\t<\/div>\n\t\t\t\t<\/div>\n\t\t\t\t<div class=\"elementor-element elementor-element-78e02ad elementor-widget elementor-widget-heading\" data-id=\"78e02ad\" data-element_type=\"widget\" data-widget_type=\"heading.default\">\n\t\t\t\t<div class=\"elementor-widget-container\">\n\t\t\t\t\t<h2 class=\"elementor-heading-title elementor-size-default\">Configuraci\u00f3n t\u00e9cnica<\/h2>\t\t\t\t<\/div>\n\t\t\t\t<\/div>\n\t\t\t\t<div class=\"elementor-element elementor-element-38a79c7d elementor-widget elementor-widget-text-editor\" data-id=\"38a79c7d\" data-element_type=\"widget\" data-widget_type=\"text-editor.default\">\n\t\t\t\t<div class=\"elementor-widget-container\">\n\t\t\t\t\t\t\t\t\t<p>Las p\u00e1ginas web est\u00e1n creadas con el CMS WordPress 6.1.1.<\/p>\t\t\t\t\t\t\t\t<\/div>\n\t\t\t\t<\/div>\n\t\t\t\t<div class=\"elementor-element elementor-element-6e018f21 elementor-widget elementor-widget-heading\" data-id=\"6e018f21\" data-element_type=\"widget\" data-widget_type=\"heading.default\">\n\t\t\t\t<div class=\"elementor-widget-container\">\n\t\t\t\t\t<h2 class=\"elementor-heading-title elementor-size-default\">Informaci\u00f3n \u00fatil sobre la accesibilidad<\/h2>\t\t\t\t<\/div>\n\t\t\t\t<\/div>\n\t\t\t\t<div class=\"elementor-element elementor-element-25baae09 elementor-widget elementor-widget-text-editor\" data-id=\"25baae09\" data-element_type=\"widget\" data-widget_type=\"text-editor.default\">\n\t\t\t\t<div class=\"elementor-widget-container\">\n\t\t\t\t\t\t\t\t\t<p>Seguidamente se exponen una serie de enlaces organizados en diferentes categor\u00edas \u00fatiles para obtener m\u00e1s informaci\u00f3n sobre la accesibilidad.<\/p>\t\t\t\t\t\t\t\t<\/div>\n\t\t\t\t<\/div>\n\t\t\t\t<div class=\"elementor-element elementor-element-22fe1c79 elementor-widget elementor-widget-heading\" data-id=\"22fe1c79\" data-element_type=\"widget\" data-widget_type=\"heading.default\">\n\t\t\t\t<div class=\"elementor-widget-container\">\n\t\t\t\t\t<h2 class=\"elementor-heading-title elementor-size-default\">Accesibilidad normas y documentos t\u00e9cnicos:<\/h2>\t\t\t\t<\/div>\n\t\t\t\t<\/div>\n\t\t\t\t<div class=\"elementor-element elementor-element-d5db250 elementor-widget elementor-widget-text-editor\" data-id=\"d5db250\" data-element_type=\"widget\" data-widget_type=\"text-editor.default\">\n\t\t\t\t<div class=\"elementor-widget-container\">\n\t\t\t\t\t\t\t\t\t<p><a href=\"http:\/\/www.w3c.org\/\" target=\"_blank\" rel=\"noreferrer noopener\">http:\/\/www.w3c.org\/<\/a><br \/>Consorcio World Wide Web, grupo de trabajo de \u00e1mbito internacional que dicta l\u00edneas generales relacionadas con la web.<\/p><p><a href=\"http:\/\/www.w3c.org\/wai\/\" target=\"_blank\" rel=\"noreferrer noopener\">http:\/\/www.w3c.org\/wai\/<\/a><br \/>Iniciativa de Accesibilidad Web del W3C.<\/p>\t\t\t\t\t\t\t\t<\/div>\n\t\t\t\t<\/div>\n\t\t\t\t\t<\/div>\n\t\t\t\t<\/div>\n\t\t\t\t<\/div>","protected":false},"excerpt":{"rendered":"<p>Declaraci\u00f3n de Accesibilidad En la construcci\u00f3n de la p\u00e1gina web de monkeystudiobarbershop.com\u00a0se han adoptado medidas con el objetivo de que el mayor n\u00famero posible de personas puedan llegar a la informaci\u00f3n que se transmite en ella, independientemente de las limitaciones de la persona o de las que se deriven del contexto de uso. As\u00ed, en [&hellip;]<\/p>","protected":false},"author":1,"featured_media":0,"parent":0,"menu_order":0,"comment_status":"closed","ping_status":"closed","template":"elementor_header_footer","meta":{"footnotes":""},"class_list":["post-259","page","type-page","status-publish","hentry"],"yoast_head":"<!-- This site is optimized with the Yoast SEO plugin v25.4 - https:\/\/yoast.com\/wordpress\/plugins\/seo\/ -->\n<title>Declaraci\u00f3n de Accesibilidad - Monkey Studio<\/title>\n<meta name=\"robots\" content=\"noindex, follow\" \/>\n<meta property=\"og:locale\" content=\"en_GB\" \/>\n<meta property=\"og:type\" content=\"article\" \/>\n<meta property=\"og:title\" content=\"Declaraci\u00f3n de Accesibilidad - Monkey Studio\" \/>\n<meta property=\"og:description\" content=\"Declaraci\u00f3n de Accesibilidad En la construcci\u00f3n de la p\u00e1gina web de monkeystudiobarbershop.com\u00a0se han adoptado medidas con el objetivo de que el mayor n\u00famero posible de personas puedan llegar a la informaci\u00f3n que se transmite en ella, independientemente de las limitaciones de la persona o de las que se deriven del contexto de uso. As\u00ed, en [&hellip;]\" \/>\n<meta property=\"og:url\" content=\"https:\/\/monkeystudiobarbershop.com\/en\/declaracion-de-accesibilidad\/\" \/>\n<meta property=\"og:site_name\" content=\"Monkey Studio\" \/>\n<meta property=\"article:modified_time\" content=\"2025-04-11T19:43:59+00:00\" \/>\n<meta name=\"twitter:card\" content=\"summary_large_image\" \/>\n<meta name=\"twitter:label1\" content=\"Estimated reading time\" \/>\n\t<meta name=\"twitter:data1\" content=\"2 minutes\" \/>\n<script type=\"application\/ld+json\" class=\"yoast-schema-graph\">{\"@context\":\"https:\/\/schema.org\",\"@graph\":[{\"@type\":\"WebPage\",\"@id\":\"https:\/\/monkeystudiobarbershop.com\/declaracion-de-accesibilidad\/\",\"url\":\"https:\/\/monkeystudiobarbershop.com\/declaracion-de-accesibilidad\/\",\"name\":\"Declaraci\u00f3n de Accesibilidad - Monkey Studio\",\"isPartOf\":{\"@id\":\"https:\/\/monkeystudiobarbershop.com\/#website\"},\"datePublished\":\"2024-07-27T14:05:06+00:00\",\"dateModified\":\"2025-04-11T19:43:59+00:00\",\"breadcrumb\":{\"@id\":\"https:\/\/monkeystudiobarbershop.com\/declaracion-de-accesibilidad\/#breadcrumb\"},\"inLanguage\":\"en-GB\",\"potentialAction\":[{\"@type\":\"ReadAction\",\"target\":[\"https:\/\/monkeystudiobarbershop.com\/declaracion-de-accesibilidad\/\"]}]},{\"@type\":\"BreadcrumbList\",\"@id\":\"https:\/\/monkeystudiobarbershop.com\/declaracion-de-accesibilidad\/#breadcrumb\",\"itemListElement\":[{\"@type\":\"ListItem\",\"position\":1,\"name\":\"Portada\",\"item\":\"https:\/\/monkeystudiobarbershop.com\/\"},{\"@type\":\"ListItem\",\"position\":2,\"name\":\"Declaraci\u00f3n de Accesibilidad\"}]},{\"@type\":\"WebSite\",\"@id\":\"https:\/\/monkeystudiobarbershop.com\/#website\",\"url\":\"https:\/\/monkeystudiobarbershop.com\/\",\"name\":\"Monkey Studio\",\"description\":\"\",\"potentialAction\":[{\"@type\":\"SearchAction\",\"target\":{\"@type\":\"EntryPoint\",\"urlTemplate\":\"https:\/\/monkeystudiobarbershop.com\/?s={search_term_string}\"},\"query-input\":{\"@type\":\"PropertyValueSpecification\",\"valueRequired\":true,\"valueName\":\"search_term_string\"}}],\"inLanguage\":\"en-GB\"}]}<\/script>\n<!-- \/ Yoast SEO plugin. -->","yoast_head_json":{"title":"Declaraci\u00f3n de Accesibilidad - Monkey Studio","robots":{"index":"noindex","follow":"follow"},"og_locale":"en_GB","og_type":"article","og_title":"Declaraci\u00f3n de Accesibilidad - Monkey Studio","og_description":"Declaraci\u00f3n de Accesibilidad En la construcci\u00f3n de la p\u00e1gina web de monkeystudiobarbershop.com\u00a0se han adoptado medidas con el objetivo de que el mayor n\u00famero posible de personas puedan llegar a la informaci\u00f3n que se transmite en ella, independientemente de las limitaciones de la persona o de las que se deriven del contexto de uso. As\u00ed, en [&hellip;]","og_url":"https:\/\/monkeystudiobarbershop.com\/en\/declaracion-de-accesibilidad\/","og_site_name":"Monkey Studio","article_modified_time":"2025-04-11T19:43:59+00:00","twitter_card":"summary_large_image","twitter_misc":{"Estimated reading time":"2 minutes"},"schema":{"@context":"https:\/\/schema.org","@graph":[{"@type":"WebPage","@id":"https:\/\/monkeystudiobarbershop.com\/declaracion-de-accesibilidad\/","url":"https:\/\/monkeystudiobarbershop.com\/declaracion-de-accesibilidad\/","name":"Declaraci\u00f3n de Accesibilidad - Monkey Studio","isPartOf":{"@id":"https:\/\/monkeystudiobarbershop.com\/#website"},"datePublished":"2024-07-27T14:05:06+00:00","dateModified":"2025-04-11T19:43:59+00:00","breadcrumb":{"@id":"https:\/\/monkeystudiobarbershop.com\/declaracion-de-accesibilidad\/#breadcrumb"},"inLanguage":"en-GB","potentialAction":[{"@type":"ReadAction","target":["https:\/\/monkeystudiobarbershop.com\/declaracion-de-accesibilidad\/"]}]},{"@type":"BreadcrumbList","@id":"https:\/\/monkeystudiobarbershop.com\/declaracion-de-accesibilidad\/#breadcrumb","itemListElement":[{"@type":"ListItem","position":1,"name":"Portada","item":"https:\/\/monkeystudiobarbershop.com\/"},{"@type":"ListItem","position":2,"name":"Declaraci\u00f3n de Accesibilidad"}]},{"@type":"WebSite","@id":"https:\/\/monkeystudiobarbershop.com\/#website","url":"https:\/\/monkeystudiobarbershop.com\/","name":"Monkey Studio","description":"","potentialAction":[{"@type":"SearchAction","target":{"@type":"EntryPoint","urlTemplate":"https:\/\/monkeystudiobarbershop.com\/?s={search_term_string}"},"query-input":{"@type":"PropertyValueSpecification","valueRequired":true,"valueName":"search_term_string"}}],"inLanguage":"en-GB"}]}},"_links":{"self":[{"href":"https:\/\/monkeystudiobarbershop.com\/en\/wp-json\/wp\/v2\/pages\/259"}],"collection":[{"href":"https:\/\/monkeystudiobarbershop.com\/en\/wp-json\/wp\/v2\/pages"}],"about":[{"href":"https:\/\/monkeystudiobarbershop.com\/en\/wp-json\/wp\/v2\/types\/page"}],"author":[{"embeddable":true,"href":"https:\/\/monkeystudiobarbershop.com\/en\/wp-json\/wp\/v2\/users\/1"}],"replies":[{"embeddable":true,"href":"https:\/\/monkeystudiobarbershop.com\/en\/wp-json\/wp\/v2\/comments?post=259"}],"version-history":[{"count":5,"href":"https:\/\/monkeystudiobarbershop.com\/en\/wp-json\/wp\/v2\/pages\/259\/revisions"}],"predecessor-version":[{"id":432,"href":"https:\/\/monkeystudiobarbershop.com\/en\/wp-json\/wp\/v2\/pages\/259\/revisions\/432"}],"wp:attachment":[{"href":"https:\/\/monkeystudiobarbershop.com\/en\/wp-json\/wp\/v2\/media?parent=259"}],"curies":[{"name":"wp","href":"https:\/\/api.w.org\/{rel}","templated":true}]}}